{"id":469,"date":"2023-03-02T14:59:05","date_gmt":"2023-03-02T14:59:05","guid":{"rendered":"https:\/\/solar-tfbern.ch\/?page_id=469"},"modified":"2023-03-07T12:51:13","modified_gmt":"2023-03-07T12:51:13","slug":"datenschutz","status":"publish","type":"page","link":"https:\/\/solar.tfbern.ch\/index.php\/datenschutz\/","title":{"rendered":"Datenschutz"},"content":{"rendered":"\t\t<div data-elementor-type=\"wp-page\" data-elementor-id=\"469\" class=\"elementor elementor-469\" data-elementor-post-type=\"page\">\n\t\t\t\t\t\t<section class=\"elementor-section elementor-top-section elementor-element elementor-element-399223b elementor-section-boxed elementor-section-height-default elementor-section-height-default\" data-id=\"399223b\" data-element_type=\"section\" data-e-type=\"section\">\n\t\t\t\t\t\t<div class=\"elementor-container elementor-column-gap-default\">\n\t\t\t\t\t<div class=\"elementor-column elementor-col-100 elementor-top-column elementor-element elementor-element-d0d3598\" data-id=\"d0d3598\" data-element_type=\"column\" data-e-type=\"column\">\n\t\t\t<div class=\"elementor-widget-wrap elementor-element-populated\">\n\t\t\t\t\t\t<div class=\"elementor-element elementor-element-a909c64 elementor-widget elementor-widget-heading\" data-id=\"a909c64\" data-element_type=\"widget\" data-e-type=\"widget\" data-widget_type=\"heading.default\">\n\t\t\t\t<div class=\"elementor-widget-container\">\n\t\t\t\t\t<h2 class=\"elementor-heading-title elementor-size-default\">Datenschutz und Haftungshinweise<\/h2>\t\t\t\t<\/div>\n\t\t\t\t<\/div>\n\t\t\t\t<div class=\"elementor-element elementor-element-e47332a elementor-widget elementor-widget-text-editor\" data-id=\"e47332a\" data-element_type=\"widget\" data-e-type=\"widget\" data-widget_type=\"text-editor.default\">\n\t\t\t\t<div class=\"elementor-widget-container\">\n\t\t\t\t\t\t\t\t\t<p><strong>Haftung f\u00fcr Inhalte<\/strong><br \/>Die Inhalte unserer Seiten wurden mit gr\u00f6sster Sorgfalt erstellt. F\u00fcr die Richtigkeit, Vollst\u00e4ndigkeit und Aktualit\u00e4t der Inhalte k\u00f6nnen wir jedoch keine Gew\u00e4hr \u00fcbernehmen.<br \/><br \/>Als Dienstanbieter sind wir f\u00fcr eigene Inhalte auf diesen Seiten nach den allgemeinen Gesetzen verantwortlich. Dienstanbieter sind jedoch nicht verpflichtet, die von ihnen \u00fcbermittelten oder gespeicherten fremden Informationen zu \u00fcberwachen oder nach Umst\u00e4nden zu forschen, die auf eine rechtswidrige T\u00e4tigkeit hinweisen. Verpflichtungen zur Entfernung oder Sperrung der Nutzung von Informationen nach den allgemeinen Gesetzen bleiben hiervon unber\u00fchrt. Eine diesbez\u00fcgliche Haftung ist jedoch erst ab dem Zeitpunkt der Kenntnis einer konkreten Rechtsverletzung m\u00f6glich. Bei bekannt werden von entsprechenden Rechtsverletzungen werden wir diese Inhalte umgehend entfernen.<br \/><br \/><strong>Haftung f\u00fcr Links<\/strong><br \/>Unser Angebot enth\u00e4lt Links zu externen Webseiten Dritter, auf deren Inhalte wir keinen Einfluss haben. Deshalb k\u00f6nnen wir f\u00fcr diese fremden Inhalte auch keine Gew\u00e4hr \u00fcbernehmen. F\u00fcr die Inhalte der verlinkten Seiten ist stets der jeweilige Anbieter oder Betreiber der Seite verantwortlich. Die verlinkten Seiten wurden zum Zeitpunkt der Verlinkung auf m\u00f6gliche Rechtsst\u00f6sse \u00fcberpr\u00fcft. Rechtswidrige Inhalte waren zum Zeitpunkt der Verlinkung nicht erkennbar. Eine permanente inhaltliche Kontrolle der verlinkten Seiten ist jedoch ohne konkrete Anhaltspunkte einer Rechtsverletzung nicht zumutbar. Bei bekannt werden von Rechtsverletzungen werden wir derartige Links umgehend entfernen.<br \/><br \/><strong>Urheberrecht<\/strong><br \/>Die Betreiber der Seiten sind bem\u00fcht, stets die Urheberrechte anderer zu beachten bzw. auf selbst erstellte sowie linzenfreie Werke z\u00fcruckzugreifen.<br \/><br \/>Die durch die Seitenbetreiber erstellten Inhalte und Werke auf diesen Seiten unterliegen dem deutschen Urheberrecht. Beitr\u00e4ge Dritter sind als solche gekenntzeichnet. Die Vielf\u00e4ltigung, Bearbeitung, Verbreitung, und jede Art der Verwertung ausserhalb der Grenzen des Urheberrechts bed\u00fcrfen der schriftlichen Zustimmung des jeweiligen Autors bzw. Erstellers. Downloads und Kopien dieser Seite sind nur f\u00fcr den privaten, nicht kommerziellen Gebrauch gestattet.<\/p><p><strong>Nutzung von Google Analytics<\/strong><\/p><p>Wir verwenden Google Analytics, um die Website-Nutzung zu analysieren. Die daraus gewonnenen Daten werden genutzt, um unsere Website sowie Werbema\u00dfnahmen zu optimieren.\u00a0<\/p><p>Google Analytics ist ein Webanalysedienst, der von\u00a0<em>Google Inc.<\/em>\u00a0(1600 Amphitheatre Parkway, Mountain View, CA 94043, United States) betrieben und bereitgestellt wird. Google verarbeitet die Daten zur Website-Nutzung in unserem Auftrag und verpflichtet sich vertraglich zu Ma\u00dfnahmen, um die Vertraulichkeit der verarbeiteten Daten zu gew\u00e4hrleisten.<\/p><p>W\u00e4hrend Ihres Website-Besuchs werden u.a. folgende Daten aufgezeichnet:<\/p><ul><li>Aufgerufene Seiten<\/li><li>Bestellungen inkl. des Umsatzes und der bestellten Produkte<\/li><li>Die Erreichung von \u201eWebsite-Zielen\u201c\u00a0(z.B. Kontaktanfragen)<\/li><li>Ihr Verhalten auf den Seiten\u00a0(beispielsweise Klicks, Scroll-Verhalten und Verweildauer)<\/li><li>Ihr ungef\u00e4hrer Standort (Land und Stadt)<\/li><li>Ihre IP-Adresse (in gek\u00fcrzter Form, sodass keine eindeutige Zuordnung m\u00f6glich ist)<\/li><li>Technische Informationen wie Browser, Internetanbieter, Endger\u00e4t und Bildschirmaufl\u00f6sung<\/li><li>Herkunftsquelle Ihres Besuchs (d.h. \u00fcber welche Website bzw. \u00fcber welches Werbemittel Sie zu uns gekommen sind)<\/li><\/ul><p>Diese Daten werden an einen Server von Google in den USA \u00fcbertragen. Google beachtet dabei die Datenschutzbestimmungen des \u201eEU-US Privacy Shield\u201c-Abkommens.<\/p><p>Google Analytics speichert Cookies in Ihrem Webbrowser f\u00fcr die Dauer von zwei\u00a0Jahren seit Ihrem letzten Besuch. Diese Cookies enthaltene eine zufallsgenerierte User-ID, mit der Sie bei zuk\u00fcnftigen Website-Besuchen wiedererkannt werden k\u00f6nnen.<\/p><p>Die aufgezeichneten Daten werden zusammen mit der zufallsgenerierten User-ID gespeichert, was die Auswertung pseudonymer Nutzerprofile erm\u00f6glicht. Sonstige Daten bleiben in aggregierter Form unbefristet gespeichert.<\/p><p>Sollten Sie mit der Erfassung nicht einverstanden sein, k\u00f6nnen Sie diese mit der einmaligen Installation des\u00a0<a href=\"https:\/\/tools.google.com\/dlpage\/gaoptout?hl=de\"><strong>Browser-Add-ons zur Deaktivierung von Google Analytics<\/strong><\/a>\u00a0unterbinden.<\/p><p><em>Quelle:\u00a0<a href=\"https:\/\/traffic3.net\/\"><strong>traffic3.net<\/strong><\/a><\/em><\/p><p><strong>Datenschutz<\/strong><br \/>Soweit auf unseren Seiten personenbezogene Daten (beispielsweise Namen, Anschrift oder E-Mailadressen) erhoben werden, erfolgt dies soweit als m\u00f6glich stets auf freiwilliger Basis. Die Nutzung der Angebote und Dienste ist, soweit m\u00f6glich, stets ohne Angabe personenbezogener Daten m\u00f6glich.<br \/><br \/>Die Nutzung von im Rahmen der Impressumspflicht ver\u00f6ffentlichten Kontaktdaten druch Dritte zur \u00dcbersendung von nicht ausdr\u00fccklich angeforderter Werbug und Informationsmaterialien wird hiermit ausdr\u00fccklich widersprochen. Die Betreiber der Seiten behalten sich ausdr\u00fccklich rechtliche Schritte im Falle der unverlangten Zusendung von Werbeinformationen, etwa durch Spam-Mails, vor.<br \/><br \/>Quelle: Disclaimer von\u00a0<a href=\"http:\/\/www.e-recht24.de\/\">eRecht24.de<\/a>\u00a0dem Informationsportal zur Internetrecht<\/p>\t\t\t\t\t\t\t\t<\/div>\n\t\t\t\t<\/div>\n\t\t\t\t\t<\/div>\n\t\t<\/div>\n\t\t\t\t\t<\/div>\n\t\t<\/section>\n\t\t\t\t<\/div>\n\t\t","protected":false},"excerpt":{"rendered":"<p>Datenschutz und Haftungshinweise Haftung f\u00fcr InhalteDie Inhalte unserer Seiten wurden mit gr\u00f6sster Sorgfalt erstellt. F\u00fcr die Richtigkeit, Vollst\u00e4ndigkeit und Aktualit\u00e4t der Inhalte k\u00f6nnen wir jedoch keine Gew\u00e4hr \u00fcbernehmen. Als Dienstanbieter sind wir f\u00fcr eigene Inhalte auf diesen Seiten nach den allgemeinen Gesetzen verantwortlich. Dienstanbieter sind jedoch nicht verpflichtet, die von ihnen \u00fcbermittelten oder gespeicherten fremden [&hellip;]<\/p>\n","protected":false},"author":2,"featured_media":0,"parent":0,"menu_order":0,"comment_status":"closed","ping_status":"closed","template":"","meta":{"site-sidebar-layout":"no-sidebar","site-content-layout":"page-builder","ast-site-content-layout":"","site-content-style":"default","site-sidebar-style":"default","ast-global-header-display":"","ast-banner-title-visibility":"","ast-main-header-display":"","ast-hfb-above-header-display":"","ast-hfb-below-header-display":"","ast-hfb-mobile-header-display":"","site-post-title":"disabled","ast-breadcrumbs-content":"","ast-featured-img":"disabled","footer-sml-layout":"","theme-transparent-header-meta":"","adv-header-id-meta":"","stick-header-meta":"","header-above-stick-meta":"","header-main-stick-meta":"","header-below-stick-meta":"","astra-migrate-meta-layouts":"default","ast-page-background-enabled":"default","ast-page-background-meta":{"desktop":{"background-color":"var(--ast-global-color-4)","background-image":"","background-repeat":"repeat","background-position":"center center","background-size":"auto","background-attachment":"scroll","background-type":"","background-media":"","overlay-type":"","overlay-color":"","overlay-opacity":"","overlay-gradient":""},"tablet":{"background-color":"","background-image":"","background-repeat":"repeat","background-position":"center center","background-size":"auto","background-attachment":"scroll","background-type":"","background-media":"","overlay-type":"","overlay-color":"","overlay-opacity":"","overlay-gradient":""},"mobile":{"background-color":"","background-image":"","background-repeat":"repeat","background-position":"center center","background-size":"auto","background-attachment":"scroll","background-type":"","background-media":"","overlay-type":"","overlay-color":"","overlay-opacity":"","overlay-gradient":""}},"ast-content-background-meta":{"desktop":{"background-color":"var(--ast-global-color-5)","background-image":"","background-repeat":"repeat","background-position":"center center","background-size":"auto","background-attachment":"scroll","background-type":"","background-media":"","overlay-type":"","overlay-color":"","overlay-opacity":"","overlay-gradient":""},"tablet":{"background-color":"var(--ast-global-color-5)","background-image":"","background-repeat":"repeat","background-position":"center center","background-size":"auto","background-attachment":"scroll","background-type":"","background-media":"","overlay-type":"","overlay-color":"","overlay-opacity":"","overlay-gradient":""},"mobile":{"background-color":"var(--ast-global-color-5)","background-image":"","background-repeat":"repeat","background-position":"center center","background-size":"auto","background-attachment":"scroll","background-type":"","background-media":"","overlay-type":"","overlay-color":"","overlay-opacity":"","overlay-gradient":""}},"footnotes":""},"class_list":["post-469","page","type-page","status-publish","hentry"],"yoast_head":"<!-- This site is optimized with the Yoast SEO plugin v27.6 - https:\/\/yoast.com\/product\/yoast-seo-wordpress\/ -->\n<title>Datenschutz - TF Bern - Fachkurs Solarmontage<\/title>\n<meta name=\"robots\" content=\"index, follow, max-snippet:-1, max-image-preview:large, max-video-preview:-1\" \/>\n<link rel=\"canonical\" href=\"https:\/\/solar.tfbern.ch\/index.php\/datenschutz\/\" \/>\n<meta property=\"og:locale\" content=\"de_DE\" \/>\n<meta property=\"og:type\" content=\"article\" \/>\n<meta property=\"og:title\" content=\"Datenschutz - TF Bern - Fachkurs Solarmontage\" \/>\n<meta property=\"og:description\" content=\"Datenschutz und Haftungshinweise Haftung f\u00fcr InhalteDie Inhalte unserer Seiten wurden mit gr\u00f6sster Sorgfalt erstellt. F\u00fcr die Richtigkeit, Vollst\u00e4ndigkeit und Aktualit\u00e4t der Inhalte k\u00f6nnen wir jedoch keine Gew\u00e4hr \u00fcbernehmen. Als Dienstanbieter sind wir f\u00fcr eigene Inhalte auf diesen Seiten nach den allgemeinen Gesetzen verantwortlich. Dienstanbieter sind jedoch nicht verpflichtet, die von ihnen \u00fcbermittelten oder gespeicherten fremden [&hellip;]\" \/>\n<meta property=\"og:url\" content=\"https:\/\/solar.tfbern.ch\/index.php\/datenschutz\/\" \/>\n<meta property=\"og:site_name\" content=\"TF Bern - Fachkurs Solarmontage\" \/>\n<meta property=\"article:modified_time\" content=\"2023-03-07T12:51:13+00:00\" \/>\n<meta name=\"twitter:card\" content=\"summary_large_image\" \/>\n<meta name=\"twitter:label1\" content=\"Gesch\u00e4tzte Lesezeit\" \/>\n\t<meta name=\"twitter:data1\" content=\"3\u00a0Minuten\" \/>\n<script type=\"application\/ld+json\" class=\"yoast-schema-graph\">{\"@context\":\"https:\\\/\\\/schema.org\",\"@graph\":[{\"@type\":\"WebPage\",\"@id\":\"https:\\\/\\\/solar.tfbern.ch\\\/index.php\\\/datenschutz\\\/\",\"url\":\"https:\\\/\\\/solar.tfbern.ch\\\/index.php\\\/datenschutz\\\/\",\"name\":\"Datenschutz - TF Bern - Fachkurs Solarmontage\",\"isPartOf\":{\"@id\":\"https:\\\/\\\/solar.tfbern.ch\\\/#website\"},\"datePublished\":\"2023-03-02T14:59:05+00:00\",\"dateModified\":\"2023-03-07T12:51:13+00:00\",\"breadcrumb\":{\"@id\":\"https:\\\/\\\/solar.tfbern.ch\\\/index.php\\\/datenschutz\\\/#breadcrumb\"},\"inLanguage\":\"de\",\"potentialAction\":[{\"@type\":\"ReadAction\",\"target\":[\"https:\\\/\\\/solar.tfbern.ch\\\/index.php\\\/datenschutz\\\/\"]}]},{\"@type\":\"BreadcrumbList\",\"@id\":\"https:\\\/\\\/solar.tfbern.ch\\\/index.php\\\/datenschutz\\\/#breadcrumb\",\"itemListElement\":[{\"@type\":\"ListItem\",\"position\":1,\"name\":\"Startseite\",\"item\":\"https:\\\/\\\/solar.tfbern.ch\\\/\"},{\"@type\":\"ListItem\",\"position\":2,\"name\":\"Datenschutz\"}]},{\"@type\":\"WebSite\",\"@id\":\"https:\\\/\\\/solar.tfbern.ch\\\/#website\",\"url\":\"https:\\\/\\\/solar.tfbern.ch\\\/\",\"name\":\"TF Bern - Fachkurs Solarmontage\",\"description\":\"Der Fachkurs Solarmontage ist dein Einstieg in die spannende Welt der Berufe mit Solarenergie und dauert 5 Tage, f\u00fcr Teilnehmende mit g\u00fcltigem PSAgA-Zertifikat 4 Tage.\",\"publisher\":{\"@id\":\"https:\\\/\\\/solar.tfbern.ch\\\/#organization\"},\"potentialAction\":[{\"@type\":\"SearchAction\",\"target\":{\"@type\":\"EntryPoint\",\"urlTemplate\":\"https:\\\/\\\/solar.tfbern.ch\\\/?s={search_term_string}\"},\"query-input\":{\"@type\":\"PropertyValueSpecification\",\"valueRequired\":true,\"valueName\":\"search_term_string\"}}],\"inLanguage\":\"de\"},{\"@type\":\"Organization\",\"@id\":\"https:\\\/\\\/solar.tfbern.ch\\\/#organization\",\"name\":\"TF Bern - Fachkurs Solarmontage\",\"url\":\"https:\\\/\\\/solar.tfbern.ch\\\/\",\"logo\":{\"@type\":\"ImageObject\",\"inLanguage\":\"de\",\"@id\":\"https:\\\/\\\/solar.tfbern.ch\\\/#\\\/schema\\\/logo\\\/image\\\/\",\"url\":\"https:\\\/\\\/solar.tfbern.ch\\\/wp-content\\\/uploads\\\/2023\\\/02\\\/TFBern_Logo_CMYK-.png\",\"contentUrl\":\"https:\\\/\\\/solar.tfbern.ch\\\/wp-content\\\/uploads\\\/2023\\\/02\\\/TFBern_Logo_CMYK-.png\",\"width\":1145,\"height\":373,\"caption\":\"TF Bern - Fachkurs Solarmontage\"},\"image\":{\"@id\":\"https:\\\/\\\/solar.tfbern.ch\\\/#\\\/schema\\\/logo\\\/image\\\/\"}}]}<\/script>\n<!-- \/ Yoast SEO plugin. -->","yoast_head_json":{"title":"Datenschutz - TF Bern - Fachkurs Solarmontage","robots":{"index":"index","follow":"follow","max-snippet":"max-snippet:-1","max-image-preview":"max-image-preview:large","max-video-preview":"max-video-preview:-1"},"canonical":"https:\/\/solar.tfbern.ch\/index.php\/datenschutz\/","og_locale":"de_DE","og_type":"article","og_title":"Datenschutz - TF Bern - Fachkurs Solarmontage","og_description":"Datenschutz und Haftungshinweise Haftung f\u00fcr InhalteDie Inhalte unserer Seiten wurden mit gr\u00f6sster Sorgfalt erstellt. F\u00fcr die Richtigkeit, Vollst\u00e4ndigkeit und Aktualit\u00e4t der Inhalte k\u00f6nnen wir jedoch keine Gew\u00e4hr \u00fcbernehmen. Als Dienstanbieter sind wir f\u00fcr eigene Inhalte auf diesen Seiten nach den allgemeinen Gesetzen verantwortlich. Dienstanbieter sind jedoch nicht verpflichtet, die von ihnen \u00fcbermittelten oder gespeicherten fremden [&hellip;]","og_url":"https:\/\/solar.tfbern.ch\/index.php\/datenschutz\/","og_site_name":"TF Bern - Fachkurs Solarmontage","article_modified_time":"2023-03-07T12:51:13+00:00","twitter_card":"summary_large_image","twitter_misc":{"Gesch\u00e4tzte Lesezeit":"3\u00a0Minuten"},"schema":{"@context":"https:\/\/schema.org","@graph":[{"@type":"WebPage","@id":"https:\/\/solar.tfbern.ch\/index.php\/datenschutz\/","url":"https:\/\/solar.tfbern.ch\/index.php\/datenschutz\/","name":"Datenschutz - TF Bern - Fachkurs Solarmontage","isPartOf":{"@id":"https:\/\/solar.tfbern.ch\/#website"},"datePublished":"2023-03-02T14:59:05+00:00","dateModified":"2023-03-07T12:51:13+00:00","breadcrumb":{"@id":"https:\/\/solar.tfbern.ch\/index.php\/datenschutz\/#breadcrumb"},"inLanguage":"de","potentialAction":[{"@type":"ReadAction","target":["https:\/\/solar.tfbern.ch\/index.php\/datenschutz\/"]}]},{"@type":"BreadcrumbList","@id":"https:\/\/solar.tfbern.ch\/index.php\/datenschutz\/#breadcrumb","itemListElement":[{"@type":"ListItem","position":1,"name":"Startseite","item":"https:\/\/solar.tfbern.ch\/"},{"@type":"ListItem","position":2,"name":"Datenschutz"}]},{"@type":"WebSite","@id":"https:\/\/solar.tfbern.ch\/#website","url":"https:\/\/solar.tfbern.ch\/","name":"TF Bern - Fachkurs Solarmontage","description":"Der Fachkurs Solarmontage ist dein Einstieg in die spannende Welt der Berufe mit Solarenergie und dauert 5 Tage, f\u00fcr Teilnehmende mit g\u00fcltigem PSAgA-Zertifikat 4 Tage.","publisher":{"@id":"https:\/\/solar.tfbern.ch\/#organization"},"potentialAction":[{"@type":"SearchAction","target":{"@type":"EntryPoint","urlTemplate":"https:\/\/solar.tfbern.ch\/?s={search_term_string}"},"query-input":{"@type":"PropertyValueSpecification","valueRequired":true,"valueName":"search_term_string"}}],"inLanguage":"de"},{"@type":"Organization","@id":"https:\/\/solar.tfbern.ch\/#organization","name":"TF Bern - Fachkurs Solarmontage","url":"https:\/\/solar.tfbern.ch\/","logo":{"@type":"ImageObject","inLanguage":"de","@id":"https:\/\/solar.tfbern.ch\/#\/schema\/logo\/image\/","url":"https:\/\/solar.tfbern.ch\/wp-content\/uploads\/2023\/02\/TFBern_Logo_CMYK-.png","contentUrl":"https:\/\/solar.tfbern.ch\/wp-content\/uploads\/2023\/02\/TFBern_Logo_CMYK-.png","width":1145,"height":373,"caption":"TF Bern - Fachkurs Solarmontage"},"image":{"@id":"https:\/\/solar.tfbern.ch\/#\/schema\/logo\/image\/"}}]}},"_links":{"self":[{"href":"https:\/\/solar.tfbern.ch\/index.php\/wp-json\/wp\/v2\/pages\/469","targetHints":{"allow":["GET"]}}],"collection":[{"href":"https:\/\/solar.tfbern.ch\/index.php\/wp-json\/wp\/v2\/pages"}],"about":[{"href":"https:\/\/solar.tfbern.ch\/index.php\/wp-json\/wp\/v2\/types\/page"}],"author":[{"embeddable":true,"href":"https:\/\/solar.tfbern.ch\/index.php\/wp-json\/wp\/v2\/users\/2"}],"replies":[{"embeddable":true,"href":"https:\/\/solar.tfbern.ch\/index.php\/wp-json\/wp\/v2\/comments?post=469"}],"version-history":[{"count":4,"href":"https:\/\/solar.tfbern.ch\/index.php\/wp-json\/wp\/v2\/pages\/469\/revisions"}],"predecessor-version":[{"id":801,"href":"https:\/\/solar.tfbern.ch\/index.php\/wp-json\/wp\/v2\/pages\/469\/revisions\/801"}],"wp:attachment":[{"href":"https:\/\/solar.tfbern.ch\/index.php\/wp-json\/wp\/v2\/media?parent=469"}],"curies":[{"name":"wp","href":"https:\/\/api.w.org\/{rel}","templated":true}]}}