{"id":472,"date":"2023-03-02T14:59:29","date_gmt":"2023-03-02T14:59:29","guid":{"rendered":"https:\/\/solar-tfbern.ch\/?page_id=472"},"modified":"2023-03-20T10:26:21","modified_gmt":"2023-03-20T10:26:21","slug":"impressum","status":"publish","type":"page","link":"https:\/\/solar.tfbern.ch\/index.php\/impressum\/","title":{"rendered":"Impressum"},"content":{"rendered":"\t\t<div data-elementor-type=\"wp-page\" data-elementor-id=\"472\" class=\"elementor elementor-472\" data-elementor-post-type=\"page\">\n\t\t\t\t\t\t<section class=\"elementor-section elementor-top-section elementor-element elementor-element-4b1b91a elementor-section-boxed elementor-section-height-default elementor-section-height-default\" data-id=\"4b1b91a\" data-element_type=\"section\" data-e-type=\"section\">\n\t\t\t\t\t\t<div class=\"elementor-container elementor-column-gap-default\">\n\t\t\t\t\t<div class=\"elementor-column elementor-col-100 elementor-top-column elementor-element elementor-element-c5a3a7b\" data-id=\"c5a3a7b\" data-element_type=\"column\" data-e-type=\"column\">\n\t\t\t<div class=\"elementor-widget-wrap elementor-element-populated\">\n\t\t\t\t\t\t<div class=\"elementor-element elementor-element-0888a56 elementor-widget elementor-widget-heading\" data-id=\"0888a56\" data-element_type=\"widget\" data-e-type=\"widget\" data-widget_type=\"heading.default\">\n\t\t\t\t<div class=\"elementor-widget-container\">\n\t\t\t\t\t<h2 class=\"elementor-heading-title elementor-size-default\">Impressum<\/h2>\t\t\t\t<\/div>\n\t\t\t\t<\/div>\n\t\t\t\t<div class=\"elementor-element elementor-element-ea903b0 elementor-widget elementor-widget-text-editor\" data-id=\"ea903b0\" data-element_type=\"widget\" data-e-type=\"widget\" data-widget_type=\"text-editor.default\">\n\t\t\t\t<div class=\"elementor-widget-container\">\n\t\t\t\t\t\t\t\t\t<div class=\"elementor-element elementor-element-7156450 elementor-widget elementor-widget-text-editor\" data-id=\"7156450\" data-element_type=\"widget\" data-widget_type=\"text-editor.default\"><div class=\"elementor-widget-container\"><p><strong>Verantwortlich f\u00fcr Inhalt, Konzeption und Realisierung des Onlineportals:<\/strong><br \/><strong>Technische Fachschule Bern<\/strong><br \/>Lorrainestrasse 3<br \/>3013 Bern<br \/>Schweiz<br \/>Tel. 031 337 37 37<\/p><\/div><\/div><div class=\"elementor-element elementor-element-47af519 elementor-widget elementor-widget-text-editor\" data-id=\"47af519\" data-element_type=\"widget\" data-widget_type=\"text-editor.default\"><div class=\"elementor-widget-container\"><p><strong>Konzept, Webdesign und Realisierung:<br \/><\/strong><strong>Creasquare GmbH<\/strong><br \/>Morillonstrasse 11<br \/>3007 Bern<br \/>Schweiz<br \/>Tel. +41 41 554 71 46<br \/><a href=\"mailto:hello@creasquare.ch\">hello@creasquare.ch<\/a><br \/><a href=\"http:\/\/www.creasquare.ch\">www.creasquare.ch<\/a><\/p><\/div><\/div><div class=\"elementor-element elementor-element-cdc6aff elementor-widget elementor-widget-text-editor\" data-id=\"cdc6aff\" data-element_type=\"widget\" data-widget_type=\"text-editor.default\"><div class=\"elementor-widget-container\"><p><strong>Gew\u00e4hrleistung<\/strong><br \/>Wir bem\u00fchen uns um m\u00f6glichst korrekte und aktuelle Information. Trotzdem k\u00f6nnen Fehler auftreten. Die Inhalte wurden sorgf\u00e4ltig erarbeitet. Dennoch \u00fcbernehmen die Autoren und Autorinnen und die Herausgebenden keine Gew\u00e4hr und Haftung f\u00fcr die Richtigkeit, Zuverl\u00e4ssigkeit, Vollst\u00e4ndigkeit und Aktualit\u00e4t der Informationen. Die Verwendung der Webseite und der darin enthaltenen Information erfolgt auf eigene Gefahr. \u00c4nderungen k\u00f6nnen jederzeit vorgenommen werden.<\/p><\/div><\/div>\t\t\t\t\t\t\t\t<\/div>\n\t\t\t\t<\/div>\n\t\t\t\t\t<\/div>\n\t\t<\/div>\n\t\t\t\t\t<\/div>\n\t\t<\/section>\n\t\t\t\t<\/div>\n\t\t","protected":false},"excerpt":{"rendered":"<p>Impressum Verantwortlich f\u00fcr Inhalt, Konzeption und Realisierung des Onlineportals:Technische Fachschule BernLorrainestrasse 33013 BernSchweizTel. 031 337 37 37 Konzept, Webdesign und Realisierung:Creasquare GmbHMorillonstrasse 113007 BernSchweizTel. +41 41 554 71 46hello@creasquare.chwww.creasquare.ch Gew\u00e4hrleistungWir bem\u00fchen uns um m\u00f6glichst korrekte und aktuelle Information. Trotzdem k\u00f6nnen Fehler auftreten. Die Inhalte wurden sorgf\u00e4ltig erarbeitet. Dennoch \u00fcbernehmen die Autoren und Autorinnen und die [&hellip;]<\/p>\n","protected":false},"author":2,"featured_media":0,"parent":0,"menu_order":0,"comment_status":"closed","ping_status":"closed","template":"","meta":{"site-sidebar-layout":"no-sidebar","site-content-layout":"page-builder","ast-site-content-layout":"","site-content-style":"default","site-sidebar-style":"default","ast-global-header-display":"","ast-banner-title-visibility":"","ast-main-header-display":"","ast-hfb-above-header-display":"","ast-hfb-below-header-display":"","ast-hfb-mobile-header-display":"","site-post-title":"disabled","ast-breadcrumbs-content":"","ast-featured-img":"disabled","footer-sml-layout":"","theme-transparent-header-meta":"","adv-header-id-meta":"","stick-header-meta":"","header-above-stick-meta":"","header-main-stick-meta":"","header-below-stick-meta":"","astra-migrate-meta-layouts":"default","ast-page-background-enabled":"default","ast-page-background-meta":{"desktop":{"background-color":"var(--ast-global-color-4)","background-image":"","background-repeat":"repeat","background-position":"center center","background-size":"auto","background-attachment":"scroll","background-type":"","background-media":"","overlay-type":"","overlay-color":"","overlay-opacity":"","overlay-gradient":""},"tablet":{"background-color":"","background-image":"","background-repeat":"repeat","background-position":"center center","background-size":"auto","background-attachment":"scroll","background-type":"","background-media":"","overlay-type":"","overlay-color":"","overlay-opacity":"","overlay-gradient":""},"mobile":{"background-color":"","background-image":"","background-repeat":"repeat","background-position":"center center","background-size":"auto","background-attachment":"scroll","background-type":"","background-media":"","overlay-type":"","overlay-color":"","overlay-opacity":"","overlay-gradient":""}},"ast-content-background-meta":{"desktop":{"background-color":"var(--ast-global-color-5)","background-image":"","background-repeat":"repeat","background-position":"center center","background-size":"auto","background-attachment":"scroll","background-type":"","background-media":"","overlay-type":"","overlay-color":"","overlay-opacity":"","overlay-gradient":""},"tablet":{"background-color":"var(--ast-global-color-5)","background-image":"","background-repeat":"repeat","background-position":"center center","background-size":"auto","background-attachment":"scroll","background-type":"","background-media":"","overlay-type":"","overlay-color":"","overlay-opacity":"","overlay-gradient":""},"mobile":{"background-color":"var(--ast-global-color-5)","background-image":"","background-repeat":"repeat","background-position":"center center","background-size":"auto","background-attachment":"scroll","background-type":"","background-media":"","overlay-type":"","overlay-color":"","overlay-opacity":"","overlay-gradient":""}},"footnotes":""},"class_list":["post-472","page","type-page","status-publish","hentry"],"yoast_head":"<!-- This site is optimized with the Yoast SEO plugin v27.4 - https:\/\/yoast.com\/product\/yoast-seo-wordpress\/ -->\n<title>Impressum - TF Bern - Fachkurs Solarmontage<\/title>\n<meta name=\"robots\" content=\"index, follow, max-snippet:-1, max-image-preview:large, max-video-preview:-1\" \/>\n<link rel=\"canonical\" href=\"https:\/\/solar.tfbern.ch\/index.php\/impressum\/\" \/>\n<meta property=\"og:locale\" content=\"de_DE\" \/>\n<meta property=\"og:type\" content=\"article\" \/>\n<meta property=\"og:title\" content=\"Impressum - TF Bern - Fachkurs Solarmontage\" \/>\n<meta property=\"og:description\" content=\"Impressum Verantwortlich f\u00fcr Inhalt, Konzeption und Realisierung des Onlineportals:Technische Fachschule BernLorrainestrasse 33013 BernSchweizTel. 031 337 37 37 Konzept, Webdesign und Realisierung:Creasquare GmbHMorillonstrasse 113007 BernSchweizTel. +41 41 554 71 46hello@creasquare.chwww.creasquare.ch Gew\u00e4hrleistungWir bem\u00fchen uns um m\u00f6glichst korrekte und aktuelle Information. Trotzdem k\u00f6nnen Fehler auftreten. Die Inhalte wurden sorgf\u00e4ltig erarbeitet. Dennoch \u00fcbernehmen die Autoren und Autorinnen und die [&hellip;]\" \/>\n<meta property=\"og:url\" content=\"https:\/\/solar.tfbern.ch\/index.php\/impressum\/\" \/>\n<meta property=\"og:site_name\" content=\"TF Bern - Fachkurs Solarmontage\" \/>\n<meta property=\"article:modified_time\" content=\"2023-03-20T10:26:21+00:00\" \/>\n<meta name=\"twitter:card\" content=\"summary_large_image\" \/>\n<script type=\"application\/ld+json\" class=\"yoast-schema-graph\">{\"@context\":\"https:\\\/\\\/schema.org\",\"@graph\":[{\"@type\":\"WebPage\",\"@id\":\"https:\\\/\\\/solar.tfbern.ch\\\/index.php\\\/impressum\\\/\",\"url\":\"https:\\\/\\\/solar.tfbern.ch\\\/index.php\\\/impressum\\\/\",\"name\":\"Impressum - TF Bern - Fachkurs Solarmontage\",\"isPartOf\":{\"@id\":\"https:\\\/\\\/solar.tfbern.ch\\\/#website\"},\"datePublished\":\"2023-03-02T14:59:29+00:00\",\"dateModified\":\"2023-03-20T10:26:21+00:00\",\"breadcrumb\":{\"@id\":\"https:\\\/\\\/solar.tfbern.ch\\\/index.php\\\/impressum\\\/#breadcrumb\"},\"inLanguage\":\"de\",\"potentialAction\":[{\"@type\":\"ReadAction\",\"target\":[\"https:\\\/\\\/solar.tfbern.ch\\\/index.php\\\/impressum\\\/\"]}]},{\"@type\":\"BreadcrumbList\",\"@id\":\"https:\\\/\\\/solar.tfbern.ch\\\/index.php\\\/impressum\\\/#breadcrumb\",\"itemListElement\":[{\"@type\":\"ListItem\",\"position\":1,\"name\":\"Startseite\",\"item\":\"https:\\\/\\\/solar.tfbern.ch\\\/\"},{\"@type\":\"ListItem\",\"position\":2,\"name\":\"Impressum\"}]},{\"@type\":\"WebSite\",\"@id\":\"https:\\\/\\\/solar.tfbern.ch\\\/#website\",\"url\":\"https:\\\/\\\/solar.tfbern.ch\\\/\",\"name\":\"TF Bern - Fachkurs Solarmontage\",\"description\":\"Der Fachkurs Solarmontage ist dein Einstieg in die spannende Welt der Berufe mit Solarenergie und dauert 5 Tage, f\u00fcr Teilnehmende mit g\u00fcltigem PSAgA-Zertifikat 4 Tage.\",\"publisher\":{\"@id\":\"https:\\\/\\\/solar.tfbern.ch\\\/#organization\"},\"potentialAction\":[{\"@type\":\"SearchAction\",\"target\":{\"@type\":\"EntryPoint\",\"urlTemplate\":\"https:\\\/\\\/solar.tfbern.ch\\\/?s={search_term_string}\"},\"query-input\":{\"@type\":\"PropertyValueSpecification\",\"valueRequired\":true,\"valueName\":\"search_term_string\"}}],\"inLanguage\":\"de\"},{\"@type\":\"Organization\",\"@id\":\"https:\\\/\\\/solar.tfbern.ch\\\/#organization\",\"name\":\"TF Bern - Fachkurs Solarmontage\",\"url\":\"https:\\\/\\\/solar.tfbern.ch\\\/\",\"logo\":{\"@type\":\"ImageObject\",\"inLanguage\":\"de\",\"@id\":\"https:\\\/\\\/solar.tfbern.ch\\\/#\\\/schema\\\/logo\\\/image\\\/\",\"url\":\"https:\\\/\\\/solar.tfbern.ch\\\/wp-content\\\/uploads\\\/2023\\\/02\\\/TFBern_Logo_CMYK-.png\",\"contentUrl\":\"https:\\\/\\\/solar.tfbern.ch\\\/wp-content\\\/uploads\\\/2023\\\/02\\\/TFBern_Logo_CMYK-.png\",\"width\":1145,\"height\":373,\"caption\":\"TF Bern - Fachkurs Solarmontage\"},\"image\":{\"@id\":\"https:\\\/\\\/solar.tfbern.ch\\\/#\\\/schema\\\/logo\\\/image\\\/\"}}]}<\/script>\n<!-- \/ Yoast SEO plugin. -->","yoast_head_json":{"title":"Impressum - TF Bern - Fachkurs Solarmontage","robots":{"index":"index","follow":"follow","max-snippet":"max-snippet:-1","max-image-preview":"max-image-preview:large","max-video-preview":"max-video-preview:-1"},"canonical":"https:\/\/solar.tfbern.ch\/index.php\/impressum\/","og_locale":"de_DE","og_type":"article","og_title":"Impressum - TF Bern - Fachkurs Solarmontage","og_description":"Impressum Verantwortlich f\u00fcr Inhalt, Konzeption und Realisierung des Onlineportals:Technische Fachschule BernLorrainestrasse 33013 BernSchweizTel. 031 337 37 37 Konzept, Webdesign und Realisierung:Creasquare GmbHMorillonstrasse 113007 BernSchweizTel. +41 41 554 71 46hello@creasquare.chwww.creasquare.ch Gew\u00e4hrleistungWir bem\u00fchen uns um m\u00f6glichst korrekte und aktuelle Information. Trotzdem k\u00f6nnen Fehler auftreten. Die Inhalte wurden sorgf\u00e4ltig erarbeitet. Dennoch \u00fcbernehmen die Autoren und Autorinnen und die [&hellip;]","og_url":"https:\/\/solar.tfbern.ch\/index.php\/impressum\/","og_site_name":"TF Bern - Fachkurs Solarmontage","article_modified_time":"2023-03-20T10:26:21+00:00","twitter_card":"summary_large_image","schema":{"@context":"https:\/\/schema.org","@graph":[{"@type":"WebPage","@id":"https:\/\/solar.tfbern.ch\/index.php\/impressum\/","url":"https:\/\/solar.tfbern.ch\/index.php\/impressum\/","name":"Impressum - TF Bern - Fachkurs Solarmontage","isPartOf":{"@id":"https:\/\/solar.tfbern.ch\/#website"},"datePublished":"2023-03-02T14:59:29+00:00","dateModified":"2023-03-20T10:26:21+00:00","breadcrumb":{"@id":"https:\/\/solar.tfbern.ch\/index.php\/impressum\/#breadcrumb"},"inLanguage":"de","potentialAction":[{"@type":"ReadAction","target":["https:\/\/solar.tfbern.ch\/index.php\/impressum\/"]}]},{"@type":"BreadcrumbList","@id":"https:\/\/solar.tfbern.ch\/index.php\/impressum\/#breadcrumb","itemListElement":[{"@type":"ListItem","position":1,"name":"Startseite","item":"https:\/\/solar.tfbern.ch\/"},{"@type":"ListItem","position":2,"name":"Impressum"}]},{"@type":"WebSite","@id":"https:\/\/solar.tfbern.ch\/#website","url":"https:\/\/solar.tfbern.ch\/","name":"TF Bern - Fachkurs Solarmontage","description":"Der Fachkurs Solarmontage ist dein Einstieg in die spannende Welt der Berufe mit Solarenergie und dauert 5 Tage, f\u00fcr Teilnehmende mit g\u00fcltigem PSAgA-Zertifikat 4 Tage.","publisher":{"@id":"https:\/\/solar.tfbern.ch\/#organization"},"potentialAction":[{"@type":"SearchAction","target":{"@type":"EntryPoint","urlTemplate":"https:\/\/solar.tfbern.ch\/?s={search_term_string}"},"query-input":{"@type":"PropertyValueSpecification","valueRequired":true,"valueName":"search_term_string"}}],"inLanguage":"de"},{"@type":"Organization","@id":"https:\/\/solar.tfbern.ch\/#organization","name":"TF Bern - Fachkurs Solarmontage","url":"https:\/\/solar.tfbern.ch\/","logo":{"@type":"ImageObject","inLanguage":"de","@id":"https:\/\/solar.tfbern.ch\/#\/schema\/logo\/image\/","url":"https:\/\/solar.tfbern.ch\/wp-content\/uploads\/2023\/02\/TFBern_Logo_CMYK-.png","contentUrl":"https:\/\/solar.tfbern.ch\/wp-content\/uploads\/2023\/02\/TFBern_Logo_CMYK-.png","width":1145,"height":373,"caption":"TF Bern - Fachkurs Solarmontage"},"image":{"@id":"https:\/\/solar.tfbern.ch\/#\/schema\/logo\/image\/"}}]}},"_links":{"self":[{"href":"https:\/\/solar.tfbern.ch\/index.php\/wp-json\/wp\/v2\/pages\/472","targetHints":{"allow":["GET"]}}],"collection":[{"href":"https:\/\/solar.tfbern.ch\/index.php\/wp-json\/wp\/v2\/pages"}],"about":[{"href":"https:\/\/solar.tfbern.ch\/index.php\/wp-json\/wp\/v2\/types\/page"}],"author":[{"embeddable":true,"href":"https:\/\/solar.tfbern.ch\/index.php\/wp-json\/wp\/v2\/users\/2"}],"replies":[{"embeddable":true,"href":"https:\/\/solar.tfbern.ch\/index.php\/wp-json\/wp\/v2\/comments?post=472"}],"version-history":[{"count":16,"href":"https:\/\/solar.tfbern.ch\/index.php\/wp-json\/wp\/v2\/pages\/472\/revisions"}],"predecessor-version":[{"id":900,"href":"https:\/\/solar.tfbern.ch\/index.php\/wp-json\/wp\/v2\/pages\/472\/revisions\/900"}],"wp:attachment":[{"href":"https:\/\/solar.tfbern.ch\/index.php\/wp-json\/wp\/v2\/media?parent=472"}],"curies":[{"name":"wp","href":"https:\/\/api.w.org\/{rel}","templated":true}]}}